{"id":28,"date":"2022-09-15T10:35:30","date_gmt":"2022-09-15T08:35:30","guid":{"rendered":"http:\/\/salad-bar-vieux-nice.com\/?page_id=28"},"modified":"2022-09-16T09:57:31","modified_gmt":"2022-09-16T07:57:31","slug":"nos-valeurs","status":"publish","type":"page","link":"https:\/\/salad-bar-vieux-nice.com\/index.php\/nos-valeurs\/","title":{"rendered":"Nos valeurs"},"content":{"rendered":"\n<p><\/p>\n\n\n\n<p>Le Salad\u2019Bar vous accueille du lundi au vendredi au c\u0153ur du quartier embl\u00e9matique du Vieux-Nice pour vous accorder une pause gourmande et \u00e9quilibr\u00e9e.<\/p>\n\n\n\n<p>L\u2019Happy Food est notre devise. Puisque pour nous le plaisir de manger commence avant m\u00eame de s&#8217;asseoir \u00e0 table, nous vous accueillons dans la bonne humeur et la convivialit\u00e9 pour vous assurer un pur moment de bonheur.&nbsp;<\/p>\n\n\n\n<p>Le concept est simple, avec le Salad\u2019Bar c\u2019est vous qui composez votre salade parmi un choix de 70 ingr\u00e9dients de qualit\u00e9 s\u00e9lectionn\u00e9s avec soin pour vous garantir une fra\u00eecheur indispensable et une dose de gourmandise.<\/p>\n\n\n\n<p>Le Salad\u2019Bar c\u2019est aussi une s\u00e9lection de boissons chaudes et froides \u00e0 venir siroter sur notre terrasse \u00e0 l\u2019ambiance v\u00e9g\u00e9tale. Un v\u00e9ritable havre de paix en plein centre de Nice !<\/p>\n\n\n\n<p><\/p>\n\n\n<div class=\"wp-block-image\">\n<figure class=\"aligncenter size-large\"><img loading=\"lazy\" decoding=\"async\" width=\"1024\" height=\"390\" src=\"http:\/\/salad-bar-vieux-nice.com\/wp-content\/uploads\/2022\/09\/2.-banniere-photos-saladbar-1024x390.png\" alt=\"\" class=\"wp-image-29\" srcset=\"https:\/\/salad-bar-vieux-nice.com\/wp-content\/uploads\/2022\/09\/2.-banniere-photos-saladbar-1024x390.png 1024w, https:\/\/salad-bar-vieux-nice.com\/wp-content\/uploads\/2022\/09\/2.-banniere-photos-saladbar-300x114.png 300w, https:\/\/salad-bar-vieux-nice.com\/wp-content\/uploads\/2022\/09\/2.-banniere-photos-saladbar-768x292.png 768w, https:\/\/salad-bar-vieux-nice.com\/wp-content\/uploads\/2022\/09\/2.-banniere-photos-saladbar-1536x584.png 1536w, https:\/\/salad-bar-vieux-nice.com\/wp-content\/uploads\/2022\/09\/2.-banniere-photos-saladbar-2048x779.png 2048w, https:\/\/salad-bar-vieux-nice.com\/wp-content\/uploads\/2022\/09\/2.-banniere-photos-saladbar-158x60.png 158w\" sizes=\"auto, (max-width: 1024px) 100vw, 1024px\" \/><\/figure>\n<\/div>\n\n<div class=\"wp-block-image\">\n<figure class=\"aligncenter size-large is-resized\"><a href=\"http:\/\/salad-bar-vieux-nice.com\/index.php\/nos-menus\/\"><img loading=\"lazy\" decoding=\"async\" src=\"http:\/\/salad-bar-vieux-nice.com\/wp-content\/uploads\/2022\/09\/1.-CALL-TO-ACTION-1024x256.png\" alt=\"\" class=\"wp-image-81\" width=\"309\" height=\"77\" srcset=\"https:\/\/salad-bar-vieux-nice.com\/wp-content\/uploads\/2022\/09\/1.-CALL-TO-ACTION-1024x256.png 1024w, https:\/\/salad-bar-vieux-nice.com\/wp-content\/uploads\/2022\/09\/1.-CALL-TO-ACTION-300x75.png 300w, https:\/\/salad-bar-vieux-nice.com\/wp-content\/uploads\/2022\/09\/1.-CALL-TO-ACTION-768x192.png 768w, https:\/\/salad-bar-vieux-nice.com\/wp-content\/uploads\/2022\/09\/1.-CALL-TO-ACTION-1536x384.png 1536w, https:\/\/salad-bar-vieux-nice.com\/wp-content\/uploads\/2022\/09\/1.-CALL-TO-ACTION-2048x512.png 2048w, https:\/\/salad-bar-vieux-nice.com\/wp-content\/uploads\/2022\/09\/1.-CALL-TO-ACTION-240x60.png 240w\" sizes=\"auto, (max-width: 309px) 100vw, 309px\" \/><\/a><\/figure>\n<\/div>","protected":false},"excerpt":{"rendered":"<p>Le Salad\u2019Bar vous accueille du lundi au vendredi au c\u0153ur du quartier embl\u00e9matique du Vieux-Nice pour vous accorder une pause gourmande et \u00e9quilibr\u00e9e. L\u2019Happy Food &hellip; <\/p>\n","protected":false},"author":2,"featured_media":145,"parent":0,"menu_order":0,"comment_status":"closed","ping_status":"closed","template":"","meta":{"footnotes":""},"class_list":["post-28","page","type-page","status-publish","has-post-thumbnail","hentry","latest_post"],"_links":{"self":[{"href":"https:\/\/salad-bar-vieux-nice.com\/index.php\/wp-json\/wp\/v2\/pages\/28","targetHints":{"allow":["GET"]}}],"collection":[{"href":"https:\/\/salad-bar-vieux-nice.com\/index.php\/wp-json\/wp\/v2\/pages"}],"about":[{"href":"https:\/\/salad-bar-vieux-nice.com\/index.php\/wp-json\/wp\/v2\/types\/page"}],"author":[{"embeddable":true,"href":"https:\/\/salad-bar-vieux-nice.com\/index.php\/wp-json\/wp\/v2\/users\/2"}],"replies":[{"embeddable":true,"href":"https:\/\/salad-bar-vieux-nice.com\/index.php\/wp-json\/wp\/v2\/comments?post=28"}],"version-history":[{"count":4,"href":"https:\/\/salad-bar-vieux-nice.com\/index.php\/wp-json\/wp\/v2\/pages\/28\/revisions"}],"predecessor-version":[{"id":190,"href":"https:\/\/salad-bar-vieux-nice.com\/index.php\/wp-json\/wp\/v2\/pages\/28\/revisions\/190"}],"wp:featuredmedia":[{"embeddable":true,"href":"https:\/\/salad-bar-vieux-nice.com\/index.php\/wp-json\/wp\/v2\/media\/145"}],"wp:attachment":[{"href":"https:\/\/salad-bar-vieux-nice.com\/index.php\/wp-json\/wp\/v2\/media?parent=28"}],"curies":[{"name":"wp","href":"https:\/\/api.w.org\/{rel}","templated":true}]}}