{"id":33,"date":"2022-09-15T10:42:15","date_gmt":"2022-09-15T08:42:15","guid":{"rendered":"http:\/\/salad-bar-vieux-nice.com\/?page_id=33"},"modified":"2022-09-29T11:44:01","modified_gmt":"2022-09-29T09:44:01","slug":"nos-menus","status":"publish","type":"page","link":"https:\/\/salad-bar-vieux-nice.com\/index.php\/nos-menus\/","title":{"rendered":"Nos menus"},"content":{"rendered":"\n<p class=\"has-text-align-center has-text-color has-medium-font-size\" style=\"color:#027849\">Au Salad\u2019Bar vous pouvez composer votre salade \u00e0 partir de 6,90\u20ac.&nbsp;<\/p>\n\n\n\n<p class=\"has-text-align-center has-luminous-vivid-amber-color has-text-color has-medium-font-size\">Un condiment, une sauce et un pain sont offerts avec votre salade !&nbsp;<\/p>\n\n\n\n<p class=\"has-text-align-center has-luminous-vivid-amber-color has-text-color\"><\/p>\n\n\n\n<p class=\"has-text-align-center\">Vous pouvez choisir parmi 3 formules diff\u00e9rentes, de quoi satisfaire tous les gourmands !<\/p>\n\n\n<div class=\"wp-block-image\">\n<figure class=\"aligncenter size-large\"><img loading=\"lazy\" decoding=\"async\" width=\"1024\" height=\"896\" src=\"http:\/\/salad-bar-vieux-nice.com\/wp-content\/uploads\/2022\/09\/menu-site-1024x896.png\" alt=\"\" class=\"wp-image-198\" srcset=\"https:\/\/salad-bar-vieux-nice.com\/wp-content\/uploads\/2022\/09\/menu-site-1024x896.png 1024w, https:\/\/salad-bar-vieux-nice.com\/wp-content\/uploads\/2022\/09\/menu-site-300x263.png 300w, https:\/\/salad-bar-vieux-nice.com\/wp-content\/uploads\/2022\/09\/menu-site-768x672.png 768w, https:\/\/salad-bar-vieux-nice.com\/wp-content\/uploads\/2022\/09\/menu-site-1536x1344.png 1536w, https:\/\/salad-bar-vieux-nice.com\/wp-content\/uploads\/2022\/09\/menu-site-2048x1792.png 2048w, https:\/\/salad-bar-vieux-nice.com\/wp-content\/uploads\/2022\/09\/menu-site-69x60.png 69w\" sizes=\"auto, (max-width: 1024px) 100vw, 1024px\" \/><\/figure>\n<\/div>\n\n<div class=\"wp-block-image\">\n<figure class=\"aligncenter size-large is-resized\"><a href=\"http:\/\/salad-bar-vieux-nice.com\/index.php\/nos-produits\/\" target=\"_blank\" rel=\"noreferrer noopener\"><img loading=\"lazy\" decoding=\"async\" src=\"http:\/\/salad-bar-vieux-nice.com\/wp-content\/uploads\/2022\/09\/1.-menu-CALL-TO-ACTION-1024x256.png\" alt=\"produits\" class=\"wp-image-95\" width=\"307\" height=\"77\" srcset=\"https:\/\/salad-bar-vieux-nice.com\/wp-content\/uploads\/2022\/09\/1.-menu-CALL-TO-ACTION-1024x256.png 1024w, https:\/\/salad-bar-vieux-nice.com\/wp-content\/uploads\/2022\/09\/1.-menu-CALL-TO-ACTION-300x75.png 300w, https:\/\/salad-bar-vieux-nice.com\/wp-content\/uploads\/2022\/09\/1.-menu-CALL-TO-ACTION-768x192.png 768w, https:\/\/salad-bar-vieux-nice.com\/wp-content\/uploads\/2022\/09\/1.-menu-CALL-TO-ACTION-1536x384.png 1536w, https:\/\/salad-bar-vieux-nice.com\/wp-content\/uploads\/2022\/09\/1.-menu-CALL-TO-ACTION-2048x512.png 2048w, https:\/\/salad-bar-vieux-nice.com\/wp-content\/uploads\/2022\/09\/1.-menu-CALL-TO-ACTION-240x60.png 240w\" sizes=\"auto, (max-width: 307px) 100vw, 307px\" \/><\/a><\/figure>\n<\/div>\n\n\n<figure class=\"wp-block-image size-full is-resized\"><img loading=\"lazy\" decoding=\"async\" src=\"http:\/\/salad-bar-vieux-nice.com\/wp-content\/uploads\/2022\/09\/Capture-decran-2022-09-15-a-13.29.19.png\" alt=\"\" class=\"wp-image-79\" width=\"74\" height=\"36\" srcset=\"https:\/\/salad-bar-vieux-nice.com\/wp-content\/uploads\/2022\/09\/Capture-decran-2022-09-15-a-13.29.19.png 130w, https:\/\/salad-bar-vieux-nice.com\/wp-content\/uploads\/2022\/09\/Capture-decran-2022-09-15-a-13.29.19-122x60.png 122w\" sizes=\"auto, (max-width: 74px) 100vw, 74px\" \/><\/figure>\n\n\n\n<p class=\"has-text-align-center\">Vous ne savez pas quels ingr\u00e9dients mettre dans votre salade ?<\/p>\n\n\n\n<p class=\"has-text-align-center\">Pas d&#8217;inqui\u00e9tude, le Salad&#8217;Bar vous propose aussi une s\u00e9lection de suggestions !<\/p>\n\n\n<div class=\"wp-block-image\">\n<figure class=\"aligncenter size-large is-resized\"><img loading=\"lazy\" decoding=\"async\" src=\"http:\/\/salad-bar-vieux-nice.com\/wp-content\/uploads\/2022\/09\/2.-suggestion-1024x896.png\" alt=\"\" class=\"wp-image-39\" width=\"672\" height=\"587\" srcset=\"https:\/\/salad-bar-vieux-nice.com\/wp-content\/uploads\/2022\/09\/2.-suggestion-1024x896.png 1024w, https:\/\/salad-bar-vieux-nice.com\/wp-content\/uploads\/2022\/09\/2.-suggestion-300x262.png 300w\" sizes=\"auto, (max-width: 672px) 100vw, 672px\" \/><\/figure>\n<\/div>\n\n\n<div class=\"wp-block-group is-nowrap is-layout-flex wp-container-core-group-is-layout-ad2f72ca wp-block-group-is-layout-flex\">\n<figure class=\"wp-block-image size-full\"><img loading=\"lazy\" decoding=\"async\" width=\"130\" height=\"64\" src=\"http:\/\/salad-bar-vieux-nice.com\/wp-content\/uploads\/2022\/09\/Capture-decran-2022-09-15-a-13.29.19.png\" alt=\"\" class=\"wp-image-79\" srcset=\"https:\/\/salad-bar-vieux-nice.com\/wp-content\/uploads\/2022\/09\/Capture-decran-2022-09-15-a-13.29.19.png 130w, https:\/\/salad-bar-vieux-nice.com\/wp-content\/uploads\/2022\/09\/Capture-decran-2022-09-15-a-13.29.19-122x60.png 122w\" sizes=\"auto, (max-width: 130px) 100vw, 130px\" \/><\/figure>\n\n\n\n<p><\/p>\n\n\n\n<p><\/p>\n\n\n\n<p><\/p>\n\n\n\n<p><\/p>\n\n\n\n<p><\/p>\n\n\n\n<p><\/p>\n\n\n\n<p><\/p>\n\n\n\n<p><\/p>\n\n\n\n<p><\/p>\n\n\n\n<p><\/p>\n\n\n\n<p><\/p>\n\n\n\n<p><\/p>\n<\/div>\n\n\n<div class=\"wp-block-image\">\n<figure class=\"aligncenter size-large is-resized\"><img loading=\"lazy\" decoding=\"async\" src=\"http:\/\/salad-bar-vieux-nice.com\/wp-content\/uploads\/2022\/09\/3.-Plats-chauds-2-1024x896.png\" alt=\"\" class=\"wp-image-38\" width=\"638\" height=\"557\" srcset=\"https:\/\/salad-bar-vieux-nice.com\/wp-content\/uploads\/2022\/09\/3.-Plats-chauds-2-1024x896.png 1024w, https:\/\/salad-bar-vieux-nice.com\/wp-content\/uploads\/2022\/09\/3.-Plats-chauds-2-300x262.png 300w\" sizes=\"auto, (max-width: 638px) 100vw, 638px\" \/><\/figure>\n<\/div>\n\n\n<figure class=\"wp-block-image size-full\"><img loading=\"lazy\" decoding=\"async\" width=\"130\" height=\"64\" src=\"http:\/\/salad-bar-vieux-nice.com\/wp-content\/uploads\/2022\/09\/Capture-decran-2022-09-15-a-13.29.19.png\" alt=\"\" class=\"wp-image-79\" srcset=\"https:\/\/salad-bar-vieux-nice.com\/wp-content\/uploads\/2022\/09\/Capture-decran-2022-09-15-a-13.29.19.png 130w, https:\/\/salad-bar-vieux-nice.com\/wp-content\/uploads\/2022\/09\/Capture-decran-2022-09-15-a-13.29.19-122x60.png 122w\" sizes=\"auto, (max-width: 130px) 100vw, 130px\" \/><\/figure>\n\n\n\n<p>Pour terminer votre repas en beaut\u00e9, le Salad\u2019Bar vous propose une s\u00e9lection de desserts. De quoi ravir les plus gourmands !<\/p>\n\n\n<div class=\"wp-block-image\">\n<figure class=\"aligncenter size-large is-resized\"><img loading=\"lazy\" decoding=\"async\" src=\"http:\/\/salad-bar-vieux-nice.com\/wp-content\/uploads\/2022\/09\/4.-dessert-1-1024x896.png\" alt=\"\" class=\"wp-image-120\" width=\"657\" height=\"574\" srcset=\"https:\/\/salad-bar-vieux-nice.com\/wp-content\/uploads\/2022\/09\/4.-dessert-1-1024x896.png 1024w, https:\/\/salad-bar-vieux-nice.com\/wp-content\/uploads\/2022\/09\/4.-dessert-1-300x262.png 300w, https:\/\/salad-bar-vieux-nice.com\/wp-content\/uploads\/2022\/09\/4.-dessert-1-768x672.png 768w, https:\/\/salad-bar-vieux-nice.com\/wp-content\/uploads\/2022\/09\/4.-dessert-1-1536x1344.png 1536w, https:\/\/salad-bar-vieux-nice.com\/wp-content\/uploads\/2022\/09\/4.-dessert-1-2048x1792.png 2048w, https:\/\/salad-bar-vieux-nice.com\/wp-content\/uploads\/2022\/09\/4.-dessert-1-69x60.png 69w\" sizes=\"auto, (max-width: 657px) 100vw, 657px\" \/><\/figure>\n<\/div>\n\n\n<figure class=\"wp-block-image size-full\"><img loading=\"lazy\" decoding=\"async\" width=\"130\" height=\"64\" src=\"http:\/\/salad-bar-vieux-nice.com\/wp-content\/uploads\/2022\/09\/Capture-decran-2022-09-15-a-13.29.19.png\" alt=\"\" class=\"wp-image-79\" srcset=\"https:\/\/salad-bar-vieux-nice.com\/wp-content\/uploads\/2022\/09\/Capture-decran-2022-09-15-a-13.29.19.png 130w, https:\/\/salad-bar-vieux-nice.com\/wp-content\/uploads\/2022\/09\/Capture-decran-2022-09-15-a-13.29.19-122x60.png 122w\" sizes=\"auto, (max-width: 130px) 100vw, 130px\" \/><\/figure>\n\n\n\n<p>Le Salad\u2019Bar c\u2019est aussi une s\u00e9lection de boissons chaudes et froides \u00e0 venir siroter sur notre terrasse \u00e0 l\u2019ambiance v\u00e9g\u00e9tale. Un v\u00e9ritable havre de paix en plein centre de Nice !<\/p>\n\n\n<div class=\"wp-block-image\">\n<figure class=\"aligncenter size-large is-resized\"><img loading=\"lazy\" decoding=\"async\" src=\"http:\/\/salad-bar-vieux-nice.com\/wp-content\/uploads\/2022\/09\/5.-Boissons-1024x896.png\" alt=\"\" class=\"wp-image-121\" width=\"675\" height=\"590\" srcset=\"https:\/\/salad-bar-vieux-nice.com\/wp-content\/uploads\/2022\/09\/5.-Boissons-1024x896.png 1024w, https:\/\/salad-bar-vieux-nice.com\/wp-content\/uploads\/2022\/09\/5.-Boissons-300x262.png 300w, https:\/\/salad-bar-vieux-nice.com\/wp-content\/uploads\/2022\/09\/5.-Boissons-768x672.png 768w, https:\/\/salad-bar-vieux-nice.com\/wp-content\/uploads\/2022\/09\/5.-Boissons-1536x1344.png 1536w, https:\/\/salad-bar-vieux-nice.com\/wp-content\/uploads\/2022\/09\/5.-Boissons-2048x1792.png 2048w, https:\/\/salad-bar-vieux-nice.com\/wp-content\/uploads\/2022\/09\/5.-Boissons-69x60.png 69w\" sizes=\"auto, (max-width: 675px) 100vw, 675px\" \/><\/figure>\n<\/div>\n\n<div class=\"wp-block-image\">\n<figure class=\"aligncenter size-large is-resized\"><img loading=\"lazy\" decoding=\"async\" src=\"http:\/\/salad-bar-vieux-nice.com\/wp-content\/uploads\/2022\/09\/3.-CALL-TO-ACTION-1024x256.png\" alt=\"\" class=\"wp-image-89\" width=\"306\" height=\"76\" srcset=\"https:\/\/salad-bar-vieux-nice.com\/wp-content\/uploads\/2022\/09\/3.-CALL-TO-ACTION-1024x256.png 1024w, https:\/\/salad-bar-vieux-nice.com\/wp-content\/uploads\/2022\/09\/3.-CALL-TO-ACTION-300x75.png 300w, https:\/\/salad-bar-vieux-nice.com\/wp-content\/uploads\/2022\/09\/3.-CALL-TO-ACTION-768x192.png 768w, https:\/\/salad-bar-vieux-nice.com\/wp-content\/uploads\/2022\/09\/3.-CALL-TO-ACTION-1536x384.png 1536w, https:\/\/salad-bar-vieux-nice.com\/wp-content\/uploads\/2022\/09\/3.-CALL-TO-ACTION-2048x512.png 2048w, https:\/\/salad-bar-vieux-nice.com\/wp-content\/uploads\/2022\/09\/3.-CALL-TO-ACTION-240x60.png 240w\" sizes=\"auto, (max-width: 306px) 100vw, 306px\" \/><\/figure>\n<\/div>","protected":false},"excerpt":{"rendered":"<p>Au Salad\u2019Bar vous pouvez composer votre salade \u00e0 partir de 6,90\u20ac.&nbsp; Un condiment, une sauce et un pain sont offerts avec votre salade !&nbsp; Vous &hellip; <\/p>\n","protected":false},"author":2,"featured_media":0,"parent":0,"menu_order":0,"comment_status":"closed","ping_status":"closed","template":"","meta":{"footnotes":""},"class_list":["post-33","page","type-page","status-publish","hentry","latest_post"],"_links":{"self":[{"href":"https:\/\/salad-bar-vieux-nice.com\/index.php\/wp-json\/wp\/v2\/pages\/33","targetHints":{"allow":["GET"]}}],"collection":[{"href":"https:\/\/salad-bar-vieux-nice.com\/index.php\/wp-json\/wp\/v2\/pages"}],"about":[{"href":"https:\/\/salad-bar-vieux-nice.com\/index.php\/wp-json\/wp\/v2\/types\/page"}],"author":[{"embeddable":true,"href":"https:\/\/salad-bar-vieux-nice.com\/index.php\/wp-json\/wp\/v2\/users\/2"}],"replies":[{"embeddable":true,"href":"https:\/\/salad-bar-vieux-nice.com\/index.php\/wp-json\/wp\/v2\/comments?post=33"}],"version-history":[{"count":15,"href":"https:\/\/salad-bar-vieux-nice.com\/index.php\/wp-json\/wp\/v2\/pages\/33\/revisions"}],"predecessor-version":[{"id":208,"href":"https:\/\/salad-bar-vieux-nice.com\/index.php\/wp-json\/wp\/v2\/pages\/33\/revisions\/208"}],"wp:attachment":[{"href":"https:\/\/salad-bar-vieux-nice.com\/index.php\/wp-json\/wp\/v2\/media?parent=33"}],"curies":[{"name":"wp","href":"https:\/\/api.w.org\/{rel}","templated":true}]}}