{"id":47,"date":"2022-09-15T10:56:37","date_gmt":"2022-09-15T08:56:37","guid":{"rendered":"http:\/\/salad-bar-vieux-nice.com\/?page_id=47"},"modified":"2022-09-29T14:24:11","modified_gmt":"2022-09-29T12:24:11","slug":"nos-produits","status":"publish","type":"page","link":"https:\/\/salad-bar-vieux-nice.com\/index.php\/nos-produits\/","title":{"rendered":"Nos produits"},"content":{"rendered":"\n<p>Le Salad\u2019Bar c\u2019est avant tout le choix de composer votre salade comme vous l\u2019aimez avec des produits de qualit\u00e9 et de saison, s\u00e9lectionn\u00e9s avec soin pour vous garantir une fra\u00eecheur indispensable et une bonne dose de gourmandise.<\/p>\n\n\n\n<p>Pour cela nous vous proposons plus de 50 ingr\u00e9dients diff\u00e9rents qui vous permettront de cr\u00e9er une salade unique et qui vous ressemble.<\/p>\n\n\n<div class=\"wp-block-image\">\n<figure class=\"aligncenter size-large is-resized\"><img loading=\"lazy\" decoding=\"async\" src=\"http:\/\/salad-bar-vieux-nice.com\/wp-content\/uploads\/2022\/09\/1.70-ingredients-Le-saladbar.pdf-1024x576.png\" alt=\"\" class=\"wp-image-194\" width=\"962\" height=\"542\" srcset=\"https:\/\/salad-bar-vieux-nice.com\/wp-content\/uploads\/2022\/09\/1.70-ingredients-Le-saladbar.pdf-1024x576.png 1024w, https:\/\/salad-bar-vieux-nice.com\/wp-content\/uploads\/2022\/09\/1.70-ingredients-Le-saladbar.pdf-300x169.png 300w, https:\/\/salad-bar-vieux-nice.com\/wp-content\/uploads\/2022\/09\/1.70-ingredients-Le-saladbar.pdf-768x432.png 768w, https:\/\/salad-bar-vieux-nice.com\/wp-content\/uploads\/2022\/09\/1.70-ingredients-Le-saladbar.pdf-1536x864.png 1536w, https:\/\/salad-bar-vieux-nice.com\/wp-content\/uploads\/2022\/09\/1.70-ingredients-Le-saladbar.pdf-107x60.png 107w, https:\/\/salad-bar-vieux-nice.com\/wp-content\/uploads\/2022\/09\/1.70-ingredients-Le-saladbar.pdf-840x473.png 840w, https:\/\/salad-bar-vieux-nice.com\/wp-content\/uploads\/2022\/09\/1.70-ingredients-Le-saladbar.pdf.png 1680w\" sizes=\"auto, (max-width: 962px) 100vw, 962px\" \/><\/figure>\n<\/div>\n\n<div class=\"wp-block-image\">\n<figure class=\"aligncenter size-large is-resized\"><a href=\"http:\/\/salad-bar-vieux-nice.com\/index.php\/nos-menus\/\"><img loading=\"lazy\" decoding=\"async\" src=\"http:\/\/salad-bar-vieux-nice.com\/wp-content\/uploads\/2022\/09\/Copie-de-1.-CALL-TO-ACTION-1024x256.png\" alt=\"\" class=\"wp-image-49\" width=\"280\" height=\"70\" srcset=\"https:\/\/salad-bar-vieux-nice.com\/wp-content\/uploads\/2022\/09\/Copie-de-1.-CALL-TO-ACTION-1024x256.png 1024w, https:\/\/salad-bar-vieux-nice.com\/wp-content\/uploads\/2022\/09\/Copie-de-1.-CALL-TO-ACTION-300x75.png 300w, https:\/\/salad-bar-vieux-nice.com\/wp-content\/uploads\/2022\/09\/Copie-de-1.-CALL-TO-ACTION-768x192.png 768w, https:\/\/salad-bar-vieux-nice.com\/wp-content\/uploads\/2022\/09\/Copie-de-1.-CALL-TO-ACTION-1536x384.png 1536w, https:\/\/salad-bar-vieux-nice.com\/wp-content\/uploads\/2022\/09\/Copie-de-1.-CALL-TO-ACTION-2048x512.png 2048w, https:\/\/salad-bar-vieux-nice.com\/wp-content\/uploads\/2022\/09\/Copie-de-1.-CALL-TO-ACTION-240x60.png 240w\" sizes=\"auto, (max-width: 280px) 100vw, 280px\" \/><\/a><\/figure>\n<\/div>\n\n<div class=\"wp-block-image\">\n<figure class=\"aligncenter size-large is-resized\"><a href=\"http:\/\/salad-bar-vieux-nice.com\/\"><img loading=\"lazy\" decoding=\"async\" src=\"http:\/\/salad-bar-vieux-nice.com\/wp-content\/uploads\/2022\/09\/2.-banniere-photos-saladbar-3-1024x390.png\" alt=\"\" class=\"wp-image-52\" width=\"960\" height=\"364\" srcset=\"https:\/\/salad-bar-vieux-nice.com\/wp-content\/uploads\/2022\/09\/2.-banniere-photos-saladbar-3-300x114.png 300w, https:\/\/salad-bar-vieux-nice.com\/wp-content\/uploads\/2022\/09\/2.-banniere-photos-saladbar-3-768x292.png 768w, https:\/\/salad-bar-vieux-nice.com\/wp-content\/uploads\/2022\/09\/2.-banniere-photos-saladbar-3-1536x584.png 1536w, https:\/\/salad-bar-vieux-nice.com\/wp-content\/uploads\/2022\/09\/2.-banniere-photos-saladbar-3-2048x779.png 2048w, https:\/\/salad-bar-vieux-nice.com\/wp-content\/uploads\/2022\/09\/2.-banniere-photos-saladbar-3-158x60.png 158w\" sizes=\"auto, (max-width: 960px) 100vw, 960px\" \/><\/a><\/figure>\n<\/div>","protected":false},"excerpt":{"rendered":"<p>Le Salad\u2019Bar c\u2019est avant tout le choix de composer votre salade comme vous l\u2019aimez avec des produits de qualit\u00e9 et de saison, s\u00e9lectionn\u00e9s avec soin &hellip; <\/p>\n","protected":false},"author":2,"featured_media":0,"parent":0,"menu_order":0,"comment_status":"closed","ping_status":"closed","template":"","meta":{"footnotes":""},"class_list":["post-47","page","type-page","status-publish","hentry","latest_post"],"_links":{"self":[{"href":"https:\/\/salad-bar-vieux-nice.com\/index.php\/wp-json\/wp\/v2\/pages\/47","targetHints":{"allow":["GET"]}}],"collection":[{"href":"https:\/\/salad-bar-vieux-nice.com\/index.php\/wp-json\/wp\/v2\/pages"}],"about":[{"href":"https:\/\/salad-bar-vieux-nice.com\/index.php\/wp-json\/wp\/v2\/types\/page"}],"author":[{"embeddable":true,"href":"https:\/\/salad-bar-vieux-nice.com\/index.php\/wp-json\/wp\/v2\/users\/2"}],"replies":[{"embeddable":true,"href":"https:\/\/salad-bar-vieux-nice.com\/index.php\/wp-json\/wp\/v2\/comments?post=47"}],"version-history":[{"count":10,"href":"https:\/\/salad-bar-vieux-nice.com\/index.php\/wp-json\/wp\/v2\/pages\/47\/revisions"}],"predecessor-version":[{"id":215,"href":"https:\/\/salad-bar-vieux-nice.com\/index.php\/wp-json\/wp\/v2\/pages\/47\/revisions\/215"}],"wp:attachment":[{"href":"https:\/\/salad-bar-vieux-nice.com\/index.php\/wp-json\/wp\/v2\/media?parent=47"}],"curies":[{"name":"wp","href":"https:\/\/api.w.org\/{rel}","templated":true}]}}